{"id":37,"date":"2025-01-14T10:43:05","date_gmt":"2025-01-14T09:43:05","guid":{"rendered":"https:\/\/weldzone.hu\/?page_id=37"},"modified":"2025-01-14T12:52:42","modified_gmt":"2025-01-14T11:52:42","slug":"ipari-automatizalas","status":"publish","type":"page","link":"https:\/\/weldzone.hu\/?page_id=37","title":{"rendered":"Ipari Automatiz\u00e1l\u00e1s"},"content":{"rendered":"\n<div class=\"wp-block-columns is-layout-flex wp-container-core-columns-is-layout-9d6595d7 wp-block-columns-is-layout-flex\">\n<div class=\"wp-block-column is-layout-flow wp-block-column-is-layout-flow\">\n<p>Min\u0151s\u00e9g sztenderdiz\u00e1l\u00e1sa, k\u00f6lts\u00e9ghat\u00e9konys\u00e1g n\u00f6vel\u00e9se, termel\u00e9kenys\u00e9g hat\u00e9konys\u00e1g\u00e1nak n\u00f6vel\u00e9se. 3 p\u00e9lda a sok k\u00f6z\u00fcl, ami\u00e9rt Minket az elm\u00falt id\u0151szakban megkerestek. Minden esetben a megold\u00e1s valamilyen folyamat r\u00e9szben vagy eg\u00e9szben t\u00f6rt\u00e9n\u0151 automatiz\u00e1l\u00e1sa, g\u00e9pies\u00edt\u00e9se lett. Ebben tud c\u00e9g\u00fcnk seg\u00edts\u00e9get ny\u00fajtani, az \u00f6tletel\u00e9st\u0151l kezdve eg\u00e9szen a telep\u00edt\u00e9sig.<\/p>\n<\/div>\n\n\n\n<div class=\"wp-block-column is-layout-flow wp-block-column-is-layout-flow\">\n<figure class=\"wp-block-image size-full\"><img fetchpriority=\"high\" decoding=\"async\" width=\"814\" height=\"610\" src=\"https:\/\/weldzone.hu\/wp-content\/uploads\/2025\/01\/ipari-aut_1-2.jpg\" alt=\"\" class=\"wp-image-86\" srcset=\"https:\/\/weldzone.hu\/wp-content\/uploads\/2025\/01\/ipari-aut_1-2.jpg 814w, https:\/\/weldzone.hu\/wp-content\/uploads\/2025\/01\/ipari-aut_1-2-300x225.jpg 300w, https:\/\/weldzone.hu\/wp-content\/uploads\/2025\/01\/ipari-aut_1-2-768x576.jpg 768w\" sizes=\"(max-width: 814px) 100vw, 814px\" \/><\/figure>\n<\/div>\n<\/div>\n\n\n\n<div class=\"wp-block-group is-layout-flex wp-block-group-is-layout-flex\">\n<h2 class=\"wp-block-heading\"><strong>Hogyan n\u00e9z ki N\u00e1lunk a munkafolyamat?<\/strong><\/h2>\n\n\n\n<p><\/p>\n\n\n\n<h3 class=\"wp-block-heading\">1. Ig\u00e9ny felm\u00e9r\u00e9se:<\/h3>\n\n\n\n<p>Ipari automatiz\u00e1ci\u00f3, g\u00e9ptervez\u00e9s sor\u00e1n az els\u0151 legfontosabb l\u00e9p\u00e9s sz\u00e1munkra a felmer\u00fclt probl\u00e9ma \u00e9s a megrendel\u0151 ig\u00e9nyeinek r\u00e9szletes megismer\u00e9se. Ezen fel\u00fcl megvizsg\u00e1ljuk a j\u00f6v\u0151beni g\u00e9p hely\u00e9t, a k\u00f6r\u00fclvev\u0151 g\u00e9pek m\u0171k\u00f6d\u00e9s\u00e9t. A fentiek ismeret\u00e9ben k\u00e9sz\u00edtj\u00fck el az els\u0151dleges m\u0171szaki terveket, melynek j\u00f3v\u00e1hagy\u00e1s\u00e1t k\u00f6vet\u0151en k\u00e9sz\u00edtj\u00fck el az \u00e1raj\u00e1nlatot.<\/p>\n\n\n\n<h3 class=\"wp-block-heading\">2. G\u00e9p tervez\u00e9se \u00e9s \u00f6ssze\u00e1ll\u00edt\u00e1sa:<\/h3>\n\n\n\n<p>A tervez\u00e9s folyamata sor\u00e1n fontosnak tartjuk a folyamatos egyeztet\u00e9st a megrendel\u0151vel. Amint a r\u00e9szletes tervek v\u00e9glegess\u00e9 v\u00e1lnak \u00e9s a megrendel\u0151 is r\u00e1mondja az igent, kezd\u0151dhet az alkatr\u00e9szek elk\u00e9sz\u00edt\u00e9se, programoz\u00e1s, villamos szerel\u00e9se \u00e9s a g\u00e9p \u00f6ssze\u00e1ll\u00edt\u00e1sa.<\/p>\n\n\n\n<h3 class=\"wp-block-heading\">3. Telep\u00edt\u00e9s<\/h3>\n\n\n\n<p>A g\u00e9p \u00f6ssze\u00e1ll\u00edt\u00e1s\u00e1t k\u00f6vet\u0151en lesz\u00e1ll\u00edtjuk a megadott helysz\u00ednre \u00e9s \u00fczembe helyezz\u00fck. Minden g\u00e9p\u00fcnkre alap esetben egy \u00e9v j\u00f3t\u00e1ll\u00e1st biztos\u00edtunk, minden olyan hib\u00e1t, ami tervez\u00e9sb\u0151l, \u00f6sszeszerel\u00e9sb\u0151l ered, r\u00f6vid hat\u00e1rid\u0151vel jav\u00edtunk, cser\u00e9l\u00fcnk.<\/p>\n<\/div>\n\n\n\n<p>Tov\u00e1bbi k\u00e9rd\u00e9sed lenne? Keress minket az al\u00e1bbi el\u00e9rhet\u0151s\u00e9gek egyik\u00e9n:<br>E-mail: <a href=\"mailto:info@weldzone.hu\">info@weldzone.hu<\/a><br>Telefon: 06 30 \/ 240 2293<\/p>\n\n\n\n<p><\/p>\n\n\n\n<p><\/p>\n\n\n\n<p><\/p>\n\n\n\n<p><\/p>\n\n\n\n<p><\/p>\n","protected":false},"excerpt":{"rendered":"<p>Min\u0151s\u00e9g sztenderdiz\u00e1l\u00e1sa, k\u00f6lts\u00e9ghat\u00e9konys\u00e1g n\u00f6vel\u00e9se, termel\u00e9kenys\u00e9g hat\u00e9konys\u00e1g\u00e1nak n\u00f6vel\u00e9se. 3 p\u00e9lda a sok k\u00f6z\u00fcl, ami\u00e9rt Minket az elm\u00falt id\u0151szakban megkerestek. Minden esetben a megold\u00e1s valamilyen folyamat r\u00e9szben vagy eg\u00e9szben t\u00f6rt\u00e9n\u0151 automatiz\u00e1l\u00e1sa, g\u00e9pies\u00edt\u00e9se lett. Ebben tud c\u00e9g\u00fcnk seg\u00edts\u00e9get ny\u00fajtani, az \u00f6tletel\u00e9st\u0151l kezdve eg\u00e9szen a telep\u00edt\u00e9sig. Hogyan n\u00e9z ki N\u00e1lunk a munkafolyamat? 1. Ig\u00e9ny [&hellip;]<\/p>\n","protected":false},"author":1,"featured_media":0,"parent":0,"menu_order":0,"comment_status":"closed","ping_status":"closed","template":"","meta":{"footnotes":""},"class_list":["post-37","page","type-page","status-publish","hentry"],"_links":{"self":[{"href":"https:\/\/weldzone.hu\/index.php?rest_route=\/wp\/v2\/pages\/37","targetHints":{"allow":["GET"]}}],"collection":[{"href":"https:\/\/weldzone.hu\/index.php?rest_route=\/wp\/v2\/pages"}],"about":[{"href":"https:\/\/weldzone.hu\/index.php?rest_route=\/wp\/v2\/types\/page"}],"author":[{"embeddable":true,"href":"https:\/\/weldzone.hu\/index.php?rest_route=\/wp\/v2\/users\/1"}],"replies":[{"embeddable":true,"href":"https:\/\/weldzone.hu\/index.php?rest_route=%2Fwp%2Fv2%2Fcomments&post=37"}],"version-history":[{"count":10,"href":"https:\/\/weldzone.hu\/index.php?rest_route=\/wp\/v2\/pages\/37\/revisions"}],"predecessor-version":[{"id":89,"href":"https:\/\/weldzone.hu\/index.php?rest_route=\/wp\/v2\/pages\/37\/revisions\/89"}],"wp:attachment":[{"href":"https:\/\/weldzone.hu\/index.php?rest_route=%2Fwp%2Fv2%2Fmedia&parent=37"}],"curies":[{"name":"wp","href":"https:\/\/api.w.org\/{rel}","templated":true}]}}