{"id":38,"date":"2025-01-14T10:43:17","date_gmt":"2025-01-14T09:43:17","guid":{"rendered":"https:\/\/weldzone.hu\/?page_id=38"},"modified":"2025-01-14T14:36:01","modified_gmt":"2025-01-14T13:36:01","slug":"egyedi-alkatreszek","status":"publish","type":"page","link":"https:\/\/weldzone.hu\/?page_id=38","title":{"rendered":"Egyedi alkatr\u00e9szek"},"content":{"rendered":"\n<div class=\"wp-block-columns is-layout-flex wp-container-core-columns-is-layout-9d6595d7 wp-block-columns-is-layout-flex\">\n<div class=\"wp-block-column is-layout-flow wp-block-column-is-layout-flow\">\n<p>C\u00e9g\u00fcnk v\u00e1llalja <strong>f\u00e9m alkatr\u00e9szek<\/strong> tervez\u00e9s\u00e9t \u00e9s elk\u00e9sz\u00edt\u00e9s\u00e9t, vagy k\u00e9sz tervek alapj\u00e1n csak az elk\u00e9sz\u00edt\u00e9st magas min\u0151s\u00e9gben, <strong>egy darabt\u00f3l ak\u00e1r kis sz\u00e9ri\u00e1ban is.<\/strong> K\u00e9r\u00e9sre fel\u00fcletkezel\u00e9ssel, sz\u00e1ll\u00edt\u00e1ssal is k\u00e9rhet\u0151 a megrendelt term\u00e9k.<br><br>Kapcsolatban \u00e1llunk m\u00e1s g\u00e9pgy\u00e1rt\u00f3 c\u00e9gekkel, termel\u0151 v\u00e1llalatokkal, az ipar t\u00f6bb ter\u00fclet\u00e9r\u0151l.<\/p>\n<\/div>\n\n\n\n<div class=\"wp-block-column is-vertically-aligned-stretch is-layout-flow wp-block-column-is-layout-flow\">\n<figure class=\"wp-block-image size-large is-style-rounded\"><img fetchpriority=\"high\" decoding=\"async\" width=\"1024\" height=\"473\" src=\"https:\/\/weldzone.hu\/wp-content\/uploads\/2025\/01\/IMG_20210619_141215-1-1024x473.jpg\" alt=\"\" class=\"wp-image-113\" srcset=\"https:\/\/weldzone.hu\/wp-content\/uploads\/2025\/01\/IMG_20210619_141215-1-1024x473.jpg 1024w, https:\/\/weldzone.hu\/wp-content\/uploads\/2025\/01\/IMG_20210619_141215-1-300x138.jpg 300w, https:\/\/weldzone.hu\/wp-content\/uploads\/2025\/01\/IMG_20210619_141215-1-768x354.jpg 768w, https:\/\/weldzone.hu\/wp-content\/uploads\/2025\/01\/IMG_20210619_141215-1-1536x709.jpg 1536w, https:\/\/weldzone.hu\/wp-content\/uploads\/2025\/01\/IMG_20210619_141215-1-2048x945.jpg 2048w\" sizes=\"(max-width: 1024px) 100vw, 1024px\" \/><\/figure>\n<\/div>\n<\/div>\n\n\n\n<p><br>Aj\u00e1nlatk\u00e9r\u00e9shez fordulj hozz\u00e1nk az al\u00e1bbi el\u00e9rhet\u0151s\u00e9gek<br>egyik\u00e9n:<br>E-mail: info@weldzone.hu<br>Telefon: 06 30 \/ 240 2293<\/p>\n\n\n\n<p><\/p>\n","protected":false},"excerpt":{"rendered":"<p>C\u00e9g\u00fcnk v\u00e1llalja f\u00e9m alkatr\u00e9szek tervez\u00e9s\u00e9t \u00e9s elk\u00e9sz\u00edt\u00e9s\u00e9t, vagy k\u00e9sz tervek alapj\u00e1n csak az elk\u00e9sz\u00edt\u00e9st magas min\u0151s\u00e9gben, egy darabt\u00f3l ak\u00e1r kis sz\u00e9ri\u00e1ban is. K\u00e9r\u00e9sre fel\u00fcletkezel\u00e9ssel, sz\u00e1ll\u00edt\u00e1ssal is k\u00e9rhet\u0151 a megrendelt term\u00e9k. Kapcsolatban \u00e1llunk m\u00e1s g\u00e9pgy\u00e1rt\u00f3 c\u00e9gekkel, termel\u0151 v\u00e1llalatokkal, az ipar t\u00f6bb ter\u00fclet\u00e9r\u0151l. Aj\u00e1nlatk\u00e9r\u00e9shez fordulj hozz\u00e1nk az al\u00e1bbi el\u00e9rhet\u0151s\u00e9gekegyik\u00e9n:E-mail: info@weldzone.huTelefon: 06 30 [&hellip;]<\/p>\n","protected":false},"author":1,"featured_media":0,"parent":0,"menu_order":0,"comment_status":"closed","ping_status":"closed","template":"","meta":{"footnotes":""},"class_list":["post-38","page","type-page","status-publish","hentry"],"_links":{"self":[{"href":"https:\/\/weldzone.hu\/index.php?rest_route=\/wp\/v2\/pages\/38","targetHints":{"allow":["GET"]}}],"collection":[{"href":"https:\/\/weldzone.hu\/index.php?rest_route=\/wp\/v2\/pages"}],"about":[{"href":"https:\/\/weldzone.hu\/index.php?rest_route=\/wp\/v2\/types\/page"}],"author":[{"embeddable":true,"href":"https:\/\/weldzone.hu\/index.php?rest_route=\/wp\/v2\/users\/1"}],"replies":[{"embeddable":true,"href":"https:\/\/weldzone.hu\/index.php?rest_route=%2Fwp%2Fv2%2Fcomments&post=38"}],"version-history":[{"count":6,"href":"https:\/\/weldzone.hu\/index.php?rest_route=\/wp\/v2\/pages\/38\/revisions"}],"predecessor-version":[{"id":123,"href":"https:\/\/weldzone.hu\/index.php?rest_route=\/wp\/v2\/pages\/38\/revisions\/123"}],"wp:attachment":[{"href":"https:\/\/weldzone.hu\/index.php?rest_route=%2Fwp%2Fv2%2Fmedia&parent=38"}],"curies":[{"name":"wp","href":"https:\/\/api.w.org\/{rel}","templated":true}]}}